{"id":25,"date":"2015-09-11T13:33:42","date_gmt":"2015-09-11T13:33:42","guid":{"rendered":"http:\/\/advances.ro\/?page_id=25"},"modified":"2019-10-17T14:54:43","modified_gmt":"2019-10-17T12:54:43","slug":"analiza-de-risc","status":"publish","type":"page","link":"https:\/\/advances.ro\/?page_id=25","title":{"rendered":"Analiza de risc"},"content":{"rendered":"<div class=\"bg-gray\">\n<div class=\"row\">\n<div class=\"col-md-7\">\n<p class=\"text-big\">Peste 1600 analize de risc efectuate<\/p>\n<p>Advance a reactionat prompt la evolutia pietei de profil in urma HG 301\/2012 privind realizarea analizelor de risc la securitate fizica pentru unitati bancare si ATM-uri off-site si are deja in portofoliu peste 1600 de analize de risc efectuate.<\/p>\n<p>In baza analizei de risc se evalueaza si se stabilesc m\u0103surile necesare pentru limitarea riscurilor de securitate la nivel acceptabil sau eliminarea lor.<\/p>\n<p>Fac obiectul analizei de risc la securitate fizica : Toate societ\u0103\u0163ile \u201c\u2026indiferent de natura capitalului social, forma de organizare ori asociere, modul de de\u0163inere a bunurilor ori valorilor.\u201d Extras din Art. 2 (1) din Normele metodologice de aplicare a Legii 333\/2003.<\/p>\n<p>Incalcarea prevederilor din legislatia specifica privind elaborarea si implementarea analizei de risc la securitatea fizica constituie contraventie si se sanctioneaza cu amenda de la 5.000 la 10.000 RON.<\/p>\n<p>Analizele de risc se efectueaz\u0103 de exper\u0163i denumiti <strong>evaluatori<\/strong> de risc, care trebuie sa fie \u00eenscri\u015fi \u00een RNERSF (Registrul National al Evaluatorilor de Risc la Securitatea Fizica).<\/p>\n<p class=\"text-big mt-20\">Revizuire analiza de risc<\/p>\n<p>Analiza de risc se efectueaz\u0103 \u00eenaintea instituirii m\u0103surilor de securitate \u015fi se revizuie\u015fte \u00eentr-una din urm\u0103toarele situa\u0163ii:<\/p>\n<ul>\n<li>cel pu\u0163in odat\u0103 la 3 ani, pentru corelarea cu dinamica parametrilor interni \u015fi externi care genereaz\u0103 \u015fi\/sau modific\u0103 riscurile la securitatea fizic\u0103 a unit\u0103\u0163ii;<\/li>\n<li>\u00een cel mult 60 de zile de la producerea unui incident de securitate la unitatea respectiv\u0103;<\/li>\n<li>\u00een cel mult 30 de zile de la modificarea caracteristicilor arhitecturale, func\u0163ionale sau a obiectului de activitate al unit\u0103\u0163ii.<\/li>\n<\/ul>\n<\/div>\n<div class=\"col-md-5\">\n<img loading=\"lazy\" class=\"alignnone size-full wp-image-324 img-responsive\" src=\"http:\/\/advances.ro\/wp-content\/uploads\/2015\/09\/analiza-risc.png\" alt=\"analiza-risc\" width=\"523\" height=\"377\" srcset=\"https:\/\/advances.ro\/wp-content\/uploads\/2015\/09\/analiza-risc.png 523w, https:\/\/advances.ro\/wp-content\/uploads\/2015\/09\/analiza-risc-300x216.png 300w\" sizes=\"(max-width: 523px) 100vw, 523px\" \/><br \/>\n<\/div>\n<\/div>\n<\/div>\n","protected":false},"excerpt":{"rendered":"","protected":false},"author":3,"featured_media":0,"parent":0,"menu_order":0,"comment_status":"closed","ping_status":"closed","template":"tpl-full-width.php","meta":[],"yoast_head":"<!-- This site is optimized with the Yoast SEO plugin v17.4 - https:\/\/yoast.com\/wordpress\/plugins\/seo\/ -->\n<title>Analiza de risc - Advance<\/title>\n<meta name=\"robots\" content=\"index, follow, max-snippet:-1, max-image-preview:large, max-video-preview:-1\" \/>\n<link rel=\"canonical\" href=\"https:\/\/advances.ro\/?page_id=25\" \/>\n<meta property=\"og:locale\" content=\"en_US\" \/>\n<meta property=\"og:type\" content=\"article\" \/>\n<meta property=\"og:title\" content=\"Analiza de risc - Advance\" \/>\n<meta property=\"og:url\" content=\"https:\/\/advances.ro\/?page_id=25\" \/>\n<meta property=\"og:site_name\" content=\"Advance\" \/>\n<meta property=\"article:publisher\" content=\"https:\/\/www.facebook.com\/Advance-160024967345694\/\" \/>\n<meta property=\"article:modified_time\" content=\"2019-10-17T12:54:43+00:00\" \/>\n<meta property=\"og:image\" content=\"http:\/\/advances.ro\/wp-content\/uploads\/2015\/09\/analiza-risc.png\" \/>\n<meta name=\"twitter:card\" content=\"summary\" \/>\n<meta name=\"twitter:label1\" content=\"Est. reading time\" \/>\n\t<meta name=\"twitter:data1\" content=\"1 minute\" \/>\n<script type=\"application\/ld+json\" class=\"yoast-schema-graph\">{\"@context\":\"https:\/\/schema.org\",\"@graph\":[{\"@type\":\"Organization\",\"@id\":\"https:\/\/advances.ro\/#organization\",\"name\":\"ADVANCE SRL\",\"url\":\"https:\/\/advances.ro\/\",\"sameAs\":[\"https:\/\/www.facebook.com\/Advance-160024967345694\/\"],\"logo\":{\"@type\":\"ImageObject\",\"@id\":\"https:\/\/advances.ro\/#logo\",\"inLanguage\":\"en-US\",\"url\":\"https:\/\/advances.ro\/wp-content\/uploads\/2021\/08\/sigla.png\",\"contentUrl\":\"https:\/\/advances.ro\/wp-content\/uploads\/2021\/08\/sigla.png\",\"width\":322,\"height\":104,\"caption\":\"ADVANCE SRL\"},\"image\":{\"@id\":\"https:\/\/advances.ro\/#logo\"}},{\"@type\":\"WebSite\",\"@id\":\"https:\/\/advances.ro\/#website\",\"url\":\"https:\/\/advances.ro\/\",\"name\":\"Advance\",\"description\":\"Solutii complete de securitate\",\"publisher\":{\"@id\":\"https:\/\/advances.ro\/#organization\"},\"potentialAction\":[{\"@type\":\"SearchAction\",\"target\":{\"@type\":\"EntryPoint\",\"urlTemplate\":\"https:\/\/advances.ro\/?s={search_term_string}\"},\"query-input\":\"required name=search_term_string\"}],\"inLanguage\":\"en-US\"},{\"@type\":\"ImageObject\",\"@id\":\"https:\/\/advances.ro\/?page_id=25#primaryimage\",\"inLanguage\":\"en-US\",\"url\":\"http:\/\/advances.ro\/wp-content\/uploads\/2015\/09\/analiza-risc.png\",\"contentUrl\":\"http:\/\/advances.ro\/wp-content\/uploads\/2015\/09\/analiza-risc.png\"},{\"@type\":\"WebPage\",\"@id\":\"https:\/\/advances.ro\/?page_id=25#webpage\",\"url\":\"https:\/\/advances.ro\/?page_id=25\",\"name\":\"Analiza de risc - Advance\",\"isPartOf\":{\"@id\":\"https:\/\/advances.ro\/#website\"},\"primaryImageOfPage\":{\"@id\":\"https:\/\/advances.ro\/?page_id=25#primaryimage\"},\"datePublished\":\"2015-09-11T13:33:42+00:00\",\"dateModified\":\"2019-10-17T12:54:43+00:00\",\"breadcrumb\":{\"@id\":\"https:\/\/advances.ro\/?page_id=25#breadcrumb\"},\"inLanguage\":\"en-US\",\"potentialAction\":[{\"@type\":\"ReadAction\",\"target\":[\"https:\/\/advances.ro\/?page_id=25\"]}]},{\"@type\":\"BreadcrumbList\",\"@id\":\"https:\/\/advances.ro\/?page_id=25#breadcrumb\",\"itemListElement\":[{\"@type\":\"ListItem\",\"position\":1,\"name\":\"Acasa\",\"item\":\"https:\/\/advances.ro\/\"},{\"@type\":\"ListItem\",\"position\":2,\"name\":\"Analiza de risc\"}]}]}<\/script>\n<!-- \/ Yoast SEO plugin. -->","yoast_head_json":{"title":"Analiza de risc - Advance","robots":{"index":"index","follow":"follow","max-snippet":"max-snippet:-1","max-image-preview":"max-image-preview:large","max-video-preview":"max-video-preview:-1"},"canonical":"https:\/\/advances.ro\/?page_id=25","og_locale":"en_US","og_type":"article","og_title":"Analiza de risc - Advance","og_url":"https:\/\/advances.ro\/?page_id=25","og_site_name":"Advance","article_publisher":"https:\/\/www.facebook.com\/Advance-160024967345694\/","article_modified_time":"2019-10-17T12:54:43+00:00","og_image":[{"url":"http:\/\/advances.ro\/wp-content\/uploads\/2015\/09\/analiza-risc.png"}],"twitter_card":"summary","twitter_misc":{"Est. reading time":"1 minute"},"schema":{"@context":"https:\/\/schema.org","@graph":[{"@type":"Organization","@id":"https:\/\/advances.ro\/#organization","name":"ADVANCE SRL","url":"https:\/\/advances.ro\/","sameAs":["https:\/\/www.facebook.com\/Advance-160024967345694\/"],"logo":{"@type":"ImageObject","@id":"https:\/\/advances.ro\/#logo","inLanguage":"en-US","url":"https:\/\/advances.ro\/wp-content\/uploads\/2021\/08\/sigla.png","contentUrl":"https:\/\/advances.ro\/wp-content\/uploads\/2021\/08\/sigla.png","width":322,"height":104,"caption":"ADVANCE SRL"},"image":{"@id":"https:\/\/advances.ro\/#logo"}},{"@type":"WebSite","@id":"https:\/\/advances.ro\/#website","url":"https:\/\/advances.ro\/","name":"Advance","description":"Solutii complete de securitate","publisher":{"@id":"https:\/\/advances.ro\/#organization"},"potentialAction":[{"@type":"SearchAction","target":{"@type":"EntryPoint","urlTemplate":"https:\/\/advances.ro\/?s={search_term_string}"},"query-input":"required name=search_term_string"}],"inLanguage":"en-US"},{"@type":"ImageObject","@id":"https:\/\/advances.ro\/?page_id=25#primaryimage","inLanguage":"en-US","url":"http:\/\/advances.ro\/wp-content\/uploads\/2015\/09\/analiza-risc.png","contentUrl":"http:\/\/advances.ro\/wp-content\/uploads\/2015\/09\/analiza-risc.png"},{"@type":"WebPage","@id":"https:\/\/advances.ro\/?page_id=25#webpage","url":"https:\/\/advances.ro\/?page_id=25","name":"Analiza de risc - Advance","isPartOf":{"@id":"https:\/\/advances.ro\/#website"},"primaryImageOfPage":{"@id":"https:\/\/advances.ro\/?page_id=25#primaryimage"},"datePublished":"2015-09-11T13:33:42+00:00","dateModified":"2019-10-17T12:54:43+00:00","breadcrumb":{"@id":"https:\/\/advances.ro\/?page_id=25#breadcrumb"},"inLanguage":"en-US","potentialAction":[{"@type":"ReadAction","target":["https:\/\/advances.ro\/?page_id=25"]}]},{"@type":"BreadcrumbList","@id":"https:\/\/advances.ro\/?page_id=25#breadcrumb","itemListElement":[{"@type":"ListItem","position":1,"name":"Acasa","item":"https:\/\/advances.ro\/"},{"@type":"ListItem","position":2,"name":"Analiza de risc"}]}]}},"_links":{"self":[{"href":"https:\/\/advances.ro\/index.php?rest_route=\/wp\/v2\/pages\/25"}],"collection":[{"href":"https:\/\/advances.ro\/index.php?rest_route=\/wp\/v2\/pages"}],"about":[{"href":"https:\/\/advances.ro\/index.php?rest_route=\/wp\/v2\/types\/page"}],"author":[{"embeddable":true,"href":"https:\/\/advances.ro\/index.php?rest_route=\/wp\/v2\/users\/3"}],"replies":[{"embeddable":true,"href":"https:\/\/advances.ro\/index.php?rest_route=%2Fwp%2Fv2%2Fcomments&post=25"}],"version-history":[{"count":17,"href":"https:\/\/advances.ro\/index.php?rest_route=\/wp\/v2\/pages\/25\/revisions"}],"predecessor-version":[{"id":463,"href":"https:\/\/advances.ro\/index.php?rest_route=\/wp\/v2\/pages\/25\/revisions\/463"}],"wp:attachment":[{"href":"https:\/\/advances.ro\/index.php?rest_route=%2Fwp%2Fv2%2Fmedia&parent=25"}],"curies":[{"name":"wp","href":"https:\/\/api.w.org\/{rel}","templated":true}]}}