{"id":29,"date":"2015-09-11T13:34:06","date_gmt":"2015-09-11T13:34:06","guid":{"rendered":"http:\/\/advances.ro\/?page_id=29"},"modified":"2019-10-17T14:50:14","modified_gmt":"2019-10-17T12:50:14","slug":"despre-noi","status":"publish","type":"page","link":"https:\/\/advances.ro\/?page_id=29","title":{"rendered":"Despre noi"},"content":{"rendered":"<div class=\"bg-gray\">\n<div class=\"row\">\n<div class=\"col-md-4 col-sm-6\">\n<div class='box-text accent' data-match-height='box-text'>\n<p class=\"text-big\">Pe piata din 1999<\/p>\n<p>Societate infiintata in 1999 si licentiata in domeniul sistemelor de securitate pentru a desfasura activitati precum: proiectare sisteme de securitate, instalare sisteme de detectie si avertizare la efractie, supraveghere video, control acces si pontaj, de detectie si avertizare la incendiu, date-voce, service si mentenanta la sistemele instalate.<\/p>\n<\/div>\n<\/div>\n<div class=\"col-md-4 col-sm-6\">\n<div class='box-text ' data-match-height='box-text'>\n<p class=\"text-big\">Peste 110 de angajati<\/p>\n<p>La realizarea obiectivelor noastre contribuie o echipa de tehnicieni si specialisti atent selectionati, bine pregatiti si avizati de organele competente, pentru a proiecta si instala sisteme tehnice de securitate, care profeseaza la standarde internationale in evaluarea riscurilor de siguranta si securitate, stabilind astfel solutii optime pentru eliminarea lor.<\/p>\n<\/div>\n<\/div>\n<div class=\"col-md-4 col-sm-6\">\n<div class='box-text ' data-match-height='box-text'>\n<p class=\"text-big\">Serviciul Call Center Advance<\/p>\n<p>Pentru defectiuni tehnice si sesizari este disponibil la nivelul intregii tari, in regim 24\/7 si este gestionat de o echipa tehnica formata din ingineri de securitate cu experienta de peste 10 ani in service si mentenanta tehnica a sistemelor de securitate. Acestia asigura buna organizare a activitatii prin proceduri complexe si stricte de Securitate pentru a avea eficienta la nivel national.<\/p>\n<\/div>\n<\/div>\n<div class=\"col-md-4 col-sm-6\">\n<div class='box-text ' data-match-height='box-text'>\n<p class=\"text-big\">3000 de obiective la nivel national<\/p>\n<p>Prin fonduri proprii am devenit o companie care asigura Service-ul si Mentenanta sistemelor de securitate la peste 3000 de obiective la nivel national, fara subcontractanti, si reusim sa ne deosebim de concurentii nostrii prin posibilitatea sustinerii unor costuri minime pentru serviciile de service si mentenanta al sistemelor de securitate si a unui timp extrem de scurt pentru interventie si rezolvare a oricarui eveniment la nivel national.<\/p>\n<\/div>\n<\/div>\n<div class=\"col-md-4 col-sm-6\">\n<div class='box-text accent' data-match-height='box-text'>\n<p class=\"text-big\">Echipamente certificate si omologate<\/p>\n<p>Toate echipamentele instalate sunt produse ale unor companii recunoscute pentru performanta si fiabilitatea ridicata in conformitate cu standardele in domeniu si certificatele de calitate, toate avand si omologarea institutiilor abilitate din Romania.<\/p>\n<\/div>\n<\/div>\n<div class=\"col-md-4 col-sm-6\">\n<div class='box-text ' data-match-height='box-text'>\n<p class=\"text-big\">Retea nationala proprie<\/p>\n<p>Advance a construit o retea nationala proprie de oameni specializati in orase precum Bucuresti, Bacau, Baia Mare, Brasov, Cluj Napoca, Constanta, Craiova, Galati, Iasi, Oradea, Ploiesti, Sibiu, Suceava si Timisoara, dar si 35 de echipe de interventie tehnica foarte bine dotate tehnic, cu stocuri tampon pe masini pentru remedierea oricarui tip de defect constatat punctual.<\/p>\n<\/div>\n<\/div>\n<div class=\"col-md-4 col-sm-6\">\n<div class='box-text accent' data-match-height='box-text'>\n<p class=\"text-big\">Certificari<\/p>\n<ul>\n<li>Sistemul de Management al Calitatii ISO 9001\/2015<\/li>\n<li>Sistemul de Management al Responsabilitatii Sociale ASR 8000<\/li>\n<li>Sistemul de Management al Mediului ISO 14001:2015<\/li>\n<li>Sistemul de Management al Securitatii Informatiei SR ISO\/CEI 27001:2013<\/li>\n<li>Sistemul de Management al Sanatatii si Securitatii Ocupationale SR OHSAS 18001:2008<\/li>\n<\/ul>\n<\/div>\n<\/div>\n<div class=\"col-md-4 col-sm-6\">\n<div class='box-text ' data-match-height='box-text'><img class='img-responsive' src='http:\/\/advances.ro\/wp-content\/uploads\/2015\/09\/gentec-transparent.png' \/>\n<p>Genetec domina de peste 20 ani dezvoltarea de solu\u021bii de securitate integrata IP de clas\u0103 mondial\u0103. Ast\u0103zi, Genetec este furnizor global de solutii IP pentru supraveghere video, control acces \u0219i recunoa\u0219tere a numerelor de inmatriculare, integrate \u00eentr-o singur\u0103 platform\u0103 numita Security Center, fiind prezenti prin parteneri licentiati pe sase continente si in peste 80 de tari.<\/p>\n<\/div>\n<\/div>\n<\/div>\n<\/div>\n","protected":false},"excerpt":{"rendered":"","protected":false},"author":3,"featured_media":0,"parent":0,"menu_order":0,"comment_status":"closed","ping_status":"closed","template":"tpl-full-width.php","meta":[],"yoast_head":"<!-- This site is optimized with the Yoast SEO plugin v17.4 - https:\/\/yoast.com\/wordpress\/plugins\/seo\/ -->\n<title>Despre noi - Advance<\/title>\n<meta name=\"robots\" content=\"index, follow, max-snippet:-1, max-image-preview:large, max-video-preview:-1\" \/>\n<link rel=\"canonical\" href=\"https:\/\/advances.ro\/?page_id=29\" \/>\n<meta property=\"og:locale\" content=\"en_US\" \/>\n<meta property=\"og:type\" content=\"article\" \/>\n<meta property=\"og:title\" content=\"Despre noi - Advance\" \/>\n<meta property=\"og:url\" content=\"https:\/\/advances.ro\/?page_id=29\" \/>\n<meta property=\"og:site_name\" content=\"Advance\" \/>\n<meta property=\"article:publisher\" content=\"https:\/\/www.facebook.com\/Advance-160024967345694\/\" \/>\n<meta property=\"article:modified_time\" content=\"2019-10-17T12:50:14+00:00\" \/>\n<meta name=\"twitter:card\" content=\"summary\" \/>\n<meta name=\"twitter:label1\" content=\"Est. reading time\" \/>\n\t<meta name=\"twitter:data1\" content=\"2 minutes\" \/>\n<script type=\"application\/ld+json\" class=\"yoast-schema-graph\">{\"@context\":\"https:\/\/schema.org\",\"@graph\":[{\"@type\":\"Organization\",\"@id\":\"https:\/\/advances.ro\/#organization\",\"name\":\"ADVANCE SRL\",\"url\":\"https:\/\/advances.ro\/\",\"sameAs\":[\"https:\/\/www.facebook.com\/Advance-160024967345694\/\"],\"logo\":{\"@type\":\"ImageObject\",\"@id\":\"https:\/\/advances.ro\/#logo\",\"inLanguage\":\"en-US\",\"url\":\"https:\/\/advances.ro\/wp-content\/uploads\/2021\/08\/sigla.png\",\"contentUrl\":\"https:\/\/advances.ro\/wp-content\/uploads\/2021\/08\/sigla.png\",\"width\":322,\"height\":104,\"caption\":\"ADVANCE SRL\"},\"image\":{\"@id\":\"https:\/\/advances.ro\/#logo\"}},{\"@type\":\"WebSite\",\"@id\":\"https:\/\/advances.ro\/#website\",\"url\":\"https:\/\/advances.ro\/\",\"name\":\"Advance\",\"description\":\"Solutii complete de securitate\",\"publisher\":{\"@id\":\"https:\/\/advances.ro\/#organization\"},\"potentialAction\":[{\"@type\":\"SearchAction\",\"target\":{\"@type\":\"EntryPoint\",\"urlTemplate\":\"https:\/\/advances.ro\/?s={search_term_string}\"},\"query-input\":\"required name=search_term_string\"}],\"inLanguage\":\"en-US\"},{\"@type\":\"WebPage\",\"@id\":\"https:\/\/advances.ro\/?page_id=29#webpage\",\"url\":\"https:\/\/advances.ro\/?page_id=29\",\"name\":\"Despre noi - Advance\",\"isPartOf\":{\"@id\":\"https:\/\/advances.ro\/#website\"},\"datePublished\":\"2015-09-11T13:34:06+00:00\",\"dateModified\":\"2019-10-17T12:50:14+00:00\",\"breadcrumb\":{\"@id\":\"https:\/\/advances.ro\/?page_id=29#breadcrumb\"},\"inLanguage\":\"en-US\",\"potentialAction\":[{\"@type\":\"ReadAction\",\"target\":[\"https:\/\/advances.ro\/?page_id=29\"]}]},{\"@type\":\"BreadcrumbList\",\"@id\":\"https:\/\/advances.ro\/?page_id=29#breadcrumb\",\"itemListElement\":[{\"@type\":\"ListItem\",\"position\":1,\"name\":\"Acasa\",\"item\":\"https:\/\/advances.ro\/\"},{\"@type\":\"ListItem\",\"position\":2,\"name\":\"Despre noi\"}]}]}<\/script>\n<!-- \/ Yoast SEO plugin. -->","yoast_head_json":{"title":"Despre noi - Advance","robots":{"index":"index","follow":"follow","max-snippet":"max-snippet:-1","max-image-preview":"max-image-preview:large","max-video-preview":"max-video-preview:-1"},"canonical":"https:\/\/advances.ro\/?page_id=29","og_locale":"en_US","og_type":"article","og_title":"Despre noi - Advance","og_url":"https:\/\/advances.ro\/?page_id=29","og_site_name":"Advance","article_publisher":"https:\/\/www.facebook.com\/Advance-160024967345694\/","article_modified_time":"2019-10-17T12:50:14+00:00","twitter_card":"summary","twitter_misc":{"Est. reading time":"2 minutes"},"schema":{"@context":"https:\/\/schema.org","@graph":[{"@type":"Organization","@id":"https:\/\/advances.ro\/#organization","name":"ADVANCE SRL","url":"https:\/\/advances.ro\/","sameAs":["https:\/\/www.facebook.com\/Advance-160024967345694\/"],"logo":{"@type":"ImageObject","@id":"https:\/\/advances.ro\/#logo","inLanguage":"en-US","url":"https:\/\/advances.ro\/wp-content\/uploads\/2021\/08\/sigla.png","contentUrl":"https:\/\/advances.ro\/wp-content\/uploads\/2021\/08\/sigla.png","width":322,"height":104,"caption":"ADVANCE SRL"},"image":{"@id":"https:\/\/advances.ro\/#logo"}},{"@type":"WebSite","@id":"https:\/\/advances.ro\/#website","url":"https:\/\/advances.ro\/","name":"Advance","description":"Solutii complete de securitate","publisher":{"@id":"https:\/\/advances.ro\/#organization"},"potentialAction":[{"@type":"SearchAction","target":{"@type":"EntryPoint","urlTemplate":"https:\/\/advances.ro\/?s={search_term_string}"},"query-input":"required name=search_term_string"}],"inLanguage":"en-US"},{"@type":"WebPage","@id":"https:\/\/advances.ro\/?page_id=29#webpage","url":"https:\/\/advances.ro\/?page_id=29","name":"Despre noi - Advance","isPartOf":{"@id":"https:\/\/advances.ro\/#website"},"datePublished":"2015-09-11T13:34:06+00:00","dateModified":"2019-10-17T12:50:14+00:00","breadcrumb":{"@id":"https:\/\/advances.ro\/?page_id=29#breadcrumb"},"inLanguage":"en-US","potentialAction":[{"@type":"ReadAction","target":["https:\/\/advances.ro\/?page_id=29"]}]},{"@type":"BreadcrumbList","@id":"https:\/\/advances.ro\/?page_id=29#breadcrumb","itemListElement":[{"@type":"ListItem","position":1,"name":"Acasa","item":"https:\/\/advances.ro\/"},{"@type":"ListItem","position":2,"name":"Despre noi"}]}]}},"_links":{"self":[{"href":"https:\/\/advances.ro\/index.php?rest_route=\/wp\/v2\/pages\/29"}],"collection":[{"href":"https:\/\/advances.ro\/index.php?rest_route=\/wp\/v2\/pages"}],"about":[{"href":"https:\/\/advances.ro\/index.php?rest_route=\/wp\/v2\/types\/page"}],"author":[{"embeddable":true,"href":"https:\/\/advances.ro\/index.php?rest_route=\/wp\/v2\/users\/3"}],"replies":[{"embeddable":true,"href":"https:\/\/advances.ro\/index.php?rest_route=%2Fwp%2Fv2%2Fcomments&post=29"}],"version-history":[{"count":20,"href":"https:\/\/advances.ro\/index.php?rest_route=\/wp\/v2\/pages\/29\/revisions"}],"predecessor-version":[{"id":461,"href":"https:\/\/advances.ro\/index.php?rest_route=\/wp\/v2\/pages\/29\/revisions\/461"}],"wp:attachment":[{"href":"https:\/\/advances.ro\/index.php?rest_route=%2Fwp%2Fv2%2Fmedia&parent=29"}],"curies":[{"name":"wp","href":"https:\/\/api.w.org\/{rel}","templated":true}]}}